{"id":104,"date":"2025-08-29T23:06:12","date_gmt":"2025-08-29T21:06:12","guid":{"rendered":"https:\/\/trituradossanjeronimo.com\/rediseno\/?page_id=104"},"modified":"2025-09-25T13:30:47","modified_gmt":"2025-09-25T11:30:47","slug":"contacto","status":"publish","type":"page","link":"https:\/\/areahomeboutique.com.mx\/?page_id=104","title":{"rendered":"Contacto"},"content":{"rendered":"<p>[et_pb_section fb_built=\u00bb1&#8243; _builder_version=\u00bb4.27.4&#8243; _module_preset=\u00bbdefault\u00bb custom_margin=\u00bb5px||||false|false\u00bb custom_padding=\u00bb0px||0px||false|false\u00bb hover_enabled=\u00bb0&#8243; global_colors_info=\u00bb{}\u00bb custom_padding_last_edited=\u00bbon|phone\u00bb sticky_enabled=\u00bb0&#8243; custom_padding_phone=\u00bb70px||||false|false\u00bb custom_padding_tablet=\u00bb0px||0px||false|false\u00bb][et_pb_row custom_padding_last_edited=\u00bbon|phone\u00bb _builder_version=\u00bb4.27.4&#8243; _module_preset=\u00bbdefault\u00bb width=\u00bb90%\u00bb custom_margin=\u00bb||||false|false\u00bb custom_padding_tablet=\u00bb\u00bb custom_padding_phone=\u00bb0px||0px||false|false\u00bb animation_style=\u00bbfade\u00bb hover_enabled=\u00bb0&#8243; global_colors_info=\u00bb{}\u00bb background_enable_color=\u00bboff\u00bb sticky_enabled=\u00bb0&#8243; custom_padding=\u00bb||0px||false|false\u00bb][et_pb_column type=\u00bb4_4&#8243; _builder_version=\u00bb4.23.1&#8243; _module_preset=\u00bbdefault\u00bb global_colors_info=\u00bb{}\u00bb][et_pb_text _builder_version=\u00bb4.27.4&#8243; _module_preset=\u00bbdefault\u00bb text_font=\u00bbMulish|300||on|||||\u00bb text_text_color=\u00bb#000000&#8243; text_font_size=\u00bb30px\u00bb text_letter_spacing=\u00bb3px\u00bb custom_margin=\u00bb0px||0px||false|false\u00bb custom_margin_tablet=\u00bb0px||0px||false|false\u00bb custom_margin_phone=\u00bb10px||||false|false\u00bb custom_margin_last_edited=\u00bbon|phone\u00bb custom_padding=\u00bb0px||0px||false|false\u00bb animation_style=\u00bbbounce\u00bb animation_direction=\u00bbleft\u00bb hover_enabled=\u00bb0&#8243; text_font_size_tablet=\u00bb30px\u00bb text_font_size_phone=\u00bb20px\u00bb text_font_size_last_edited=\u00bbon|phone\u00bb global_colors_info=\u00bb{}\u00bb sticky_enabled=\u00bb0&#8243;]<\/p>\n<p>Cont\u00e1ctanos<\/p>\n<p>[\/et_pb_text][et_pb_text _builder_version=\u00bb4.27.4&#8243; _module_preset=\u00bbdefault\u00bb text_font=\u00bbMulish|300|||||||\u00bb text_text_color=\u00bb#e02b20&#8243; text_font_size=\u00bb17px\u00bb custom_margin=\u00bb5px||0px||false|false\u00bb custom_margin_tablet=\u00bb5px||0px||false|false\u00bb custom_margin_phone=\u00bb5px||10px||false|false\u00bb custom_margin_last_edited=\u00bbon|phone\u00bb custom_padding=\u00bb0px||0px||false|false\u00bb custom_padding_tablet=\u00bb0px||0px||false|false\u00bb custom_padding_phone=\u00bb0px||0px||false|false\u00bb custom_padding_last_edited=\u00bbon|phone\u00bb animation_style=\u00bbbounce\u00bb animation_direction=\u00bbright\u00bb hover_enabled=\u00bb0&#8243; text_font_size_tablet=\u00bb17px\u00bb text_font_size_phone=\u00bb14px\u00bb text_font_size_last_edited=\u00bbon|phone\u00bb global_colors_info=\u00bb{}\u00bb sticky_enabled=\u00bb0&#8243;]<\/p>\n<p>\u00abEstamos aqu\u00ed para darte la mejor atenci\u00f3n. M\u00e1ndanos un mensaje\u00bb<\/p>\n<p>[\/et_pb_text][\/et_pb_column][\/et_pb_row][\/et_pb_section][et_pb_section fb_built=\u00bb1&#8243; specialty=\u00bbon\u00bb _builder_version=\u00bb4.27.4&#8243; _module_preset=\u00bbdefault\u00bb hover_enabled=\u00bb0&#8243; global_colors_info=\u00bb{}\u00bb custom_padding=\u00bb0px||0px||false|false\u00bb sticky_enabled=\u00bb0&#8243; make_equal=\u00bbon\u00bb][et_pb_column type=\u00bb1_2&#8243; _builder_version=\u00bb4.16&#8243; custom_padding=\u00bb|||\u00bb global_colors_info=\u00bb{}\u00bb custom_padding__hover=\u00bb|||\u00bb][et_pb_contact_form captcha=\u00bboff\u00bb _builder_version=\u00bb4.27.4&#8243; _module_preset=\u00bbdefault\u00bb _unique_id=\u00bb45874452-dcf1-4a86-bd84-052ce31345ce\u00bb form_field_background_color=\u00bbrgba(255,255,255,0.73)\u00bb title_font=\u00bbMulish|300|||||||\u00bb captcha_font=\u00bbMulish|300|||||||\u00bb form_field_font=\u00bbMulish|300|||||||\u00bb form_field_font_size=\u00bb17px\u00bb form_field_letter_spacing=\u00bb1px\u00bb background_enable_color=\u00bboff\u00bb background_image=\u00bbhttps:\/\/areahomeboutique.com.mx\/wp-content\/uploads\/2025\/09\/guirnaldas.jpg\u00bb custom_button=\u00bbon\u00bb button_text_size=\u00bb15px\u00bb button_text_color=\u00bb#FFFFFF\u00bb button_bg_color=\u00bb#E02B20&#8243; button_border_color=\u00bbRGBA(255,255,255,0)\u00bb button_border_radius=\u00bb10px\u00bb custom_padding=\u00bb40px|30px|40px|30px|false|false\u00bb animation_style=\u00bbfade\u00bb animation_direction=\u00bbleft\u00bb hover_enabled=\u00bb0&#8243; border_radii=\u00bbon|10px|10px|10px|10px\u00bb global_colors_info=\u00bb{}\u00bb sticky_enabled=\u00bb0&#8243; title_text=\u00bbguirnaldas\u00bb form_field_text_color=\u00bb#000000&#8243; title_font_size_last_edited=\u00bbon|phone\u00bb title_font_size_phone=\u00bb17px\u00bb form_field_font_size_last_edited=\u00bbon|phone\u00bb form_field_font_size_phone=\u00bb14px\u00bb form_field_font_size_tablet=\u00bb17px\u00bb][et_pb_contact_field field_id=\u00bbName\u00bb field_title=\u00bbNombre\u00bb fullwidth_field=\u00bbon\u00bb _builder_version=\u00bb4.23.1&#8243; global_colors_info=\u00bb{}\u00bb button_text_size__hover_enabled=\u00bboff\u00bb button_one_text_size__hover_enabled=\u00bboff\u00bb button_two_text_size__hover_enabled=\u00bboff\u00bb button_text_color__hover_enabled=\u00bboff\u00bb button_one_text_color__hover_enabled=\u00bboff\u00bb button_two_text_color__hover_enabled=\u00bboff\u00bb button_border_width__hover_enabled=\u00bboff\u00bb button_one_border_width__hover_enabled=\u00bboff\u00bb button_two_border_width__hover_enabled=\u00bboff\u00bb button_border_color__hover_enabled=\u00bboff\u00bb button_one_border_color__hover_enabled=\u00bboff\u00bb button_two_border_color__hover_enabled=\u00bboff\u00bb button_border_radius__hover_enabled=\u00bboff\u00bb button_one_border_radius__hover_enabled=\u00bboff\u00bb button_two_border_radius__hover_enabled=\u00bboff\u00bb button_letter_spacing__hover_enabled=\u00bboff\u00bb button_one_letter_spacing__hover_enabled=\u00bboff\u00bb button_two_letter_spacing__hover_enabled=\u00bboff\u00bb button_bg_color__hover_enabled=\u00bboff\u00bb button_one_bg_color__hover_enabled=\u00bboff\u00bb button_two_bg_color__hover_enabled=\u00bboff\u00bb][\/et_pb_contact_field][et_pb_contact_field field_id=\u00bbTelefono\u00bb field_title=\u00bbTel\u00e9fono\u00bb fullwidth_field=\u00bbon\u00bb _builder_version=\u00bb4.23.1&#8243; global_colors_info=\u00bb{}\u00bb button_text_size__hover_enabled=\u00bboff\u00bb button_one_text_size__hover_enabled=\u00bboff\u00bb button_two_text_size__hover_enabled=\u00bboff\u00bb button_text_color__hover_enabled=\u00bboff\u00bb button_one_text_color__hover_enabled=\u00bboff\u00bb button_two_text_color__hover_enabled=\u00bboff\u00bb button_border_width__hover_enabled=\u00bboff\u00bb button_one_border_width__hover_enabled=\u00bboff\u00bb button_two_border_width__hover_enabled=\u00bboff\u00bb button_border_color__hover_enabled=\u00bboff\u00bb button_one_border_color__hover_enabled=\u00bboff\u00bb button_two_border_color__hover_enabled=\u00bboff\u00bb button_border_radius__hover_enabled=\u00bboff\u00bb button_one_border_radius__hover_enabled=\u00bboff\u00bb button_two_border_radius__hover_enabled=\u00bboff\u00bb button_letter_spacing__hover_enabled=\u00bboff\u00bb button_one_letter_spacing__hover_enabled=\u00bboff\u00bb button_two_letter_spacing__hover_enabled=\u00bboff\u00bb button_bg_color__hover_enabled=\u00bboff\u00bb button_one_bg_color__hover_enabled=\u00bboff\u00bb button_two_bg_color__hover_enabled=\u00bboff\u00bb][\/et_pb_contact_field][et_pb_contact_field field_id=\u00bbEmail_2&#8243; field_title=\u00bbDirecci\u00f3n de correo electr\u00f3nico\u00bb field_type=\u00bbemail\u00bb fullwidth_field=\u00bbon\u00bb _builder_version=\u00bb4.23.1&#8243; global_colors_info=\u00bb{}\u00bb button_text_size__hover_enabled=\u00bboff\u00bb button_one_text_size__hover_enabled=\u00bboff\u00bb button_two_text_size__hover_enabled=\u00bboff\u00bb button_text_color__hover_enabled=\u00bboff\u00bb button_one_text_color__hover_enabled=\u00bboff\u00bb button_two_text_color__hover_enabled=\u00bboff\u00bb button_border_width__hover_enabled=\u00bboff\u00bb button_one_border_width__hover_enabled=\u00bboff\u00bb button_two_border_width__hover_enabled=\u00bboff\u00bb button_border_color__hover_enabled=\u00bboff\u00bb button_one_border_color__hover_enabled=\u00bboff\u00bb button_two_border_color__hover_enabled=\u00bboff\u00bb button_border_radius__hover_enabled=\u00bboff\u00bb button_one_border_radius__hover_enabled=\u00bboff\u00bb button_two_border_radius__hover_enabled=\u00bboff\u00bb button_letter_spacing__hover_enabled=\u00bboff\u00bb button_one_letter_spacing__hover_enabled=\u00bboff\u00bb button_two_letter_spacing__hover_enabled=\u00bboff\u00bb button_bg_color__hover_enabled=\u00bboff\u00bb button_one_bg_color__hover_enabled=\u00bboff\u00bb button_two_bg_color__hover_enabled=\u00bboff\u00bb][\/et_pb_contact_field][et_pb_contact_field field_id=\u00bbMessage\u00bb field_title=\u00bbMensaje\u00bb field_type=\u00bbtext\u00bb fullwidth_field=\u00bbon\u00bb _builder_version=\u00bb4.16&#8243; global_colors_info=\u00bb{}\u00bb button_text_size__hover_enabled=\u00bboff\u00bb button_one_text_size__hover_enabled=\u00bboff\u00bb button_two_text_size__hover_enabled=\u00bboff\u00bb button_text_color__hover_enabled=\u00bboff\u00bb button_one_text_color__hover_enabled=\u00bboff\u00bb button_two_text_color__hover_enabled=\u00bboff\u00bb button_border_width__hover_enabled=\u00bboff\u00bb button_one_border_width__hover_enabled=\u00bboff\u00bb button_two_border_width__hover_enabled=\u00bboff\u00bb button_border_color__hover_enabled=\u00bboff\u00bb button_one_border_color__hover_enabled=\u00bboff\u00bb button_two_border_color__hover_enabled=\u00bboff\u00bb button_border_radius__hover_enabled=\u00bboff\u00bb button_one_border_radius__hover_enabled=\u00bboff\u00bb button_two_border_radius__hover_enabled=\u00bboff\u00bb button_letter_spacing__hover_enabled=\u00bboff\u00bb button_one_letter_spacing__hover_enabled=\u00bboff\u00bb button_two_letter_spacing__hover_enabled=\u00bboff\u00bb button_bg_color__hover_enabled=\u00bboff\u00bb button_one_bg_color__hover_enabled=\u00bboff\u00bb button_two_bg_color__hover_enabled=\u00bboff\u00bb][\/et_pb_contact_field][\/et_pb_contact_form][\/et_pb_column][et_pb_column type=\u00bb1_2&#8243; specialty_columns=\u00bb2&#8243; _builder_version=\u00bb4.16&#8243; custom_padding=\u00bb|||\u00bb global_colors_info=\u00bb{}\u00bb custom_padding__hover=\u00bb|||\u00bb][et_pb_row_inner column_structure=\u00bb1_2,1_2&#8243; _builder_version=\u00bb4.27.4&#8243; _module_preset=\u00bbdefault\u00bb animation_style=\u00bbfade\u00bb animation_direction=\u00bbleft\u00bb hover_enabled=\u00bb0&#8243; global_colors_info=\u00bb{}\u00bb use_custom_gutter=\u00bbon\u00bb gutter_width=\u00bb2&#8243; sticky_enabled=\u00bb0&#8243; custom_padding=\u00bb||0px||false|false\u00bb][et_pb_column_inner type=\u00bb1_2&#8243; saved_specialty_column_type=\u00bb1_2&#8243; _builder_version=\u00bb4.23.1&#8243; _module_preset=\u00bbdefault\u00bb global_colors_info=\u00bb{}\u00bb][et_pb_blurb title=\u00bbVIS\u00cdTANOS EN\u00bb _builder_version=\u00bb4.27.4&#8243; _module_preset=\u00bbdefault\u00bb use_icon=\u00bbon\u00bb font_icon=\u00bb&#xf5a0;||fa||900&#8243; hover_enabled=\u00bb0&#8243; sticky_enabled=\u00bb0&#8243; icon_color=\u00bb#e02b20&#8243; image_icon_width=\u00bb65px\u00bb header_font=\u00bbMulish||||||||\u00bb header_font_size=\u00bb20px\u00bb header_text_align=\u00bbcenter\u00bb body_font=\u00bbMulish|300|||||||\u00bb body_text_align=\u00bbcenter\u00bb body_line_height=\u00bb1.4em\u00bb body_font_size=\u00bb17px\u00bb header_letter_spacing=\u00bb1px\u00bb header_line_height=\u00bb1.7em\u00bb background_color=\u00bb#efefef\u00bb custom_padding=\u00bb30px||40px||false|false\u00bb border_radii=\u00bbon|20px|20px|20px|20px\u00bb body_text_color=\u00bb#000000&#8243; header_font_size_last_edited=\u00bbon|phone\u00bb header_font_size_phone=\u00bb17px\u00bb body_font_size_last_edited=\u00bbon|phone\u00bb body_font_size_phone=\u00bb14px\u00bb header_font_size_tablet=\u00bb20px\u00bb body_font_size_tablet=\u00bb17px\u00bb]<\/p>\n<p><span>Monterrey Nuevo Le\u00f3n. #0000 Colonia\u00a0<\/span><\/p>\n<p>[\/et_pb_blurb][\/et_pb_column_inner][et_pb_column_inner type=\u00bb1_2&#8243; saved_specialty_column_type=\u00bb1_2&#8243; _builder_version=\u00bb4.23.1&#8243; _module_preset=\u00bbdefault\u00bb global_colors_info=\u00bb{}\u00bb][et_pb_blurb title=\u00bbTEL\u00c9FONOS\u00bb _builder_version=\u00bb4.27.4&#8243; _module_preset=\u00bbdefault\u00bb use_icon=\u00bbon\u00bb font_icon=\u00bb&#xf879;||fa||900&#8243; hover_enabled=\u00bb0&#8243; sticky_enabled=\u00bb0&#8243; icon_color=\u00bb#e02b20&#8243; image_icon_width=\u00bb65px\u00bb header_font=\u00bbMulish||||||||\u00bb header_font_size=\u00bb20px\u00bb header_text_align=\u00bbcenter\u00bb body_font=\u00bbMulish|300|||||||\u00bb body_text_align=\u00bbcenter\u00bb body_line_height=\u00bb0.7em\u00bb body_font_size=\u00bb17px\u00bb header_letter_spacing=\u00bb1px\u00bb header_line_height=\u00bb1.7em\u00bb background_color=\u00bb#efefef\u00bb custom_padding=\u00bb30px||48px||false|false\u00bb border_radii=\u00bbon|20px|20px|20px|20px\u00bb body_text_color=\u00bb#000000&#8243; header_font_size_last_edited=\u00bbon|phone\u00bb header_font_size_phone=\u00bb17px\u00bb body_font_size_last_edited=\u00bbon|phone\u00bb body_font_size_phone=\u00bb14px\u00bb header_font_size_tablet=\u00bb20px\u00bb body_font_size_tablet=\u00bb17px\u00bb]<\/p>\n<p>+52 812 222 3333<\/p>\n<p>+52 812 222 3333<\/p>\n<p>[\/et_pb_blurb][\/et_pb_column_inner][\/et_pb_row_inner][et_pb_row_inner _builder_version=\u00bb4.27.4&#8243; _module_preset=\u00bbdefault\u00bb][et_pb_column_inner saved_specialty_column_type=\u00bb1_2&#8243; _builder_version=\u00bb4.27.4&#8243; _module_preset=\u00bbdefault\u00bb][et_pb_blurb title=\u00bbCORREO ELECTR\u00d3NICO\u00bb _builder_version=\u00bb4.27.4&#8243; _module_preset=\u00bbdefault\u00bb use_icon=\u00bbon\u00bb font_icon=\u00bb&#xe076;||divi||400&#8243; hover_enabled=\u00bb0&#8243; sticky_enabled=\u00bb0&#8243; icon_color=\u00bb#e02b20&#8243; image_icon_width=\u00bb65px\u00bb header_font=\u00bbMulish||||||||\u00bb header_font_size=\u00bb20px\u00bb header_text_align=\u00bbcenter\u00bb body_font=\u00bbMulish|300|||||||\u00bb body_text_align=\u00bbcenter\u00bb body_line_height=\u00bb0.7em\u00bb body_font_size=\u00bb20px\u00bb header_letter_spacing=\u00bb1px\u00bb header_line_height=\u00bb1.7em\u00bb background_color=\u00bb#efefef\u00bb custom_padding=\u00bb30px||40px||false|false\u00bb border_radii=\u00bbon|20px|20px|20px|20px\u00bb header_font_size_last_edited=\u00bbon|phone\u00bb header_font_size_phone=\u00bb17px\u00bb body_font_size_last_edited=\u00bbon|phone\u00bb body_font_size_phone=\u00bb15px\u00bb header_font_size_tablet=\u00bb20px\u00bb body_font_size_tablet=\u00bb20px\u00bb]<\/p>\n<p><a href=\"mailto:soporte@bmrconsultores.com.mx\">soporte@bmrconsultores.com.mx<\/a><\/p>\n<p>[\/et_pb_blurb][\/et_pb_column_inner][\/et_pb_row_inner][\/et_pb_column][\/et_pb_section][et_pb_section fb_built=\u00bb1&#8243; theme_builder_area=\u00bbpost_content\u00bb _builder_version=\u00bb4.27.4&#8243; _module_preset=\u00bbdefault\u00bb custom_padding=\u00bb0px||0px||false|false\u00bb hover_enabled=\u00bb0&#8243; sticky_enabled=\u00bb0&#8243;][et_pb_row _builder_version=\u00bb4.27.4&#8243; _module_preset=\u00bbdefault\u00bb theme_builder_area=\u00bbpost_content\u00bb width=\u00bb100%\u00bb hover_enabled=\u00bb0&#8243; sticky_enabled=\u00bb0&#8243; custom_padding=\u00bb0px||0px||false|false\u00bb][et_pb_column _builder_version=\u00bb4.27.4&#8243; _module_preset=\u00bbdefault\u00bb type=\u00bb4_4&#8243; theme_builder_area=\u00bbpost_content\u00bb][et_pb_map _builder_version=\u00bb4.27.4&#8243; _module_preset=\u00bbdefault\u00bb theme_builder_area=\u00bbpost_content\u00bb hover_enabled=\u00bb0&#8243; sticky_enabled=\u00bb0&#8243;][\/et_pb_map][\/et_pb_column][\/et_pb_row][\/et_pb_section]<\/p>\n","protected":false},"excerpt":{"rendered":"<p>Cont\u00e1ctanos\u00bbEstamos aqu\u00ed para darte la mejor atenci\u00f3n. M\u00e1ndanos un mensaje\u00bbMonterrey Nuevo Le\u00f3n. #0000 Colonia\u00a0+52 812 222 3333 +52 812 222 3333soporte@bmrconsultores.com.mx<\/p>\n","protected":false},"author":1,"featured_media":0,"parent":0,"menu_order":0,"comment_status":"closed","ping_status":"closed","template":"","meta":{"_et_pb_use_builder":"on","_et_pb_old_content":"","_et_gb_content_width":"","footnotes":""},"dipi_cpt_category":[],"class_list":["post-104","page","type-page","status-publish","hentry"],"_links":{"self":[{"href":"https:\/\/areahomeboutique.com.mx\/index.php?rest_route=\/wp\/v2\/pages\/104","targetHints":{"allow":["GET"]}}],"collection":[{"href":"https:\/\/areahomeboutique.com.mx\/index.php?rest_route=\/wp\/v2\/pages"}],"about":[{"href":"https:\/\/areahomeboutique.com.mx\/index.php?rest_route=\/wp\/v2\/types\/page"}],"author":[{"embeddable":true,"href":"https:\/\/areahomeboutique.com.mx\/index.php?rest_route=\/wp\/v2\/users\/1"}],"replies":[{"embeddable":true,"href":"https:\/\/areahomeboutique.com.mx\/index.php?rest_route=%2Fwp%2Fv2%2Fcomments&post=104"}],"version-history":[{"count":23,"href":"https:\/\/areahomeboutique.com.mx\/index.php?rest_route=\/wp\/v2\/pages\/104\/revisions"}],"predecessor-version":[{"id":232121,"href":"https:\/\/areahomeboutique.com.mx\/index.php?rest_route=\/wp\/v2\/pages\/104\/revisions\/232121"}],"wp:attachment":[{"href":"https:\/\/areahomeboutique.com.mx\/index.php?rest_route=%2Fwp%2Fv2%2Fmedia&parent=104"}],"wp:term":[{"taxonomy":"dipi_cpt_category","embeddable":true,"href":"https:\/\/areahomeboutique.com.mx\/index.php?rest_route=%2Fwp%2Fv2%2Fdipi_cpt_category&post=104"}],"curies":[{"name":"wp","href":"https:\/\/api.w.org\/{rel}","templated":true}]}}